{"id":977,"date":"2018-01-29T15:37:33","date_gmt":"2018-01-29T15:37:33","guid":{"rendered":"http:\/\/compass-canada-v3.site.findly.com\/?page_id=977\/"},"modified":"2018-06-01T09:12:46","modified_gmt":"2018-06-01T09:12:46","slug":"job-search-results","status":"publish","type":"page","link":"https:\/\/compass-canada-v3.site.findly.com\/fr\/job-search-results\/","title":{"rendered":"Job Search Results"},"content":{"rendered":"<\/div><\/div><\/div><!-- close content main div --><\/div><\/div><div id='av_section_1' class='avia-section main_color avia-section-default avia-no-shadow avia-bg-style-scroll  job-results-outer container_wrap fullsize'   ><div class='container' ><div class='template-page content  av-content-full alpha units'><div class='post-entry post-entry-type-page post-entry-977'><div class='entry-content-wrapper clearfix'>\n<div class=\"flex_column av_one_fourth  flex_column_div first  \" ><div class='avia-builder-widget-area clearfix '><div id=\"widget_job_search_full-4\" class=\"widget clearfix widget-jobsearch-full\"><a id=\"toggleAdvSearch\" href=\"#\" aria-expanded=\"true\" role=\"button\" class=\"avia-button avia-color-theme-color avia-size-small\" onclick=\"searchToggle();return false;\" aria-controls=\"cws-search-form\"><span class=\"avia_iconbox_title\">Rechercher des annonces<\/span><\/a><div id=\"cws-search-form\" role=\"search\"><div class=\"cws-search-form-title\"><h3 class=\"widgettitle cws-widgetitle\">Rechercher des annonces<\/h3><\/div><div class=\"w-form-row\"><div class=\"w-form-row-label\"><label for=\"cws_jobsearch_keywords\">Mots-cl\u00e9s<\/label><\/div><div class=\"w-form-row-field\"><input type=\"text\" class=\"text_input keyword_suggest\" name=\"keyword\" id=\"cws_jobsearch_keywords\"  placeholder=\"Mots-cl\u00e9s\"  data-param=\"SearchText\" aria-describedby=\"keyword-help\" value=\"\" \/><span id=\"keyword-help\" class=\"visually-hidden sr-only\" aria-live=\"polite\">Begin typing to find suggestions.<\/span><span class=\"w-form-row-field-bar\"><\/span><\/div><input type=\"hidden\" name=\"fuzzy\" id=\"cws_jobsearch_fuzzy\" data-param=\"fuzzy\" value=\"\" \/><\/div><div class=\"search-control-container container-primary-category\"><div class=\"w-form-row-label\"><label for=\"cws_jobsearch_primary_category\">Cat\u00e9gorie<\/label><\/div><select name=\"category\" id=\"cws_jobsearch_primary_category\" class=\"text_select \" data-param=\"facet\" data-facet=\"primary_category\"><option value=\"\">Cat\u00e9gorie<\/option><option value=\"Accueil\/personnel de service \u2013 PERSONNEL HORAIRE\" >Accueil\/personnel de service \u2013 PERSONNEL HORAIRE<\/option><option value=\"Achats\/approvisionnement \u2013 SALARI\u00c9\" >Achats\/approvisionnement \u2013 SALARI\u00c9<\/option><option value=\"Adjoint administratif \u2013 PERSONNEL HORAIRE\" >Adjoint administratif \u2013 PERSONNEL HORAIRE<\/option><option value=\"Adjoint administratif \u2013 SALARI\u00c9\" >Adjoint administratif \u2013 SALARI\u00c9<\/option><option value=\"Buanderie et lingerie \u2013 PERSONNEL HORAIRE\" >Buanderie et lingerie \u2013 PERSONNEL HORAIRE<\/option><option value=\"Caissier\/personnel de service \u2013 PERSONNEL HORAIRE\" >Caissier\/personnel de service \u2013 PERSONNEL HORAIRE<\/option><option value=\"Chauffeur-livreur \u2013 PERSONNEL HORAIRE\" >Chauffeur-livreur \u2013 PERSONNEL HORAIRE<\/option><option value=\"Chef \u2013 PERSONNEL HORAIRE\" >Chef \u2013 PERSONNEL HORAIRE<\/option><option value=\"Comptabilit\u00e9 et finance \u2013 SALARI\u00c9\" >Comptabilit\u00e9 et finance \u2013 SALARI\u00c9<\/option><option value=\"Cuisinier \u2013 PERSONNEL HORAIRE\" >Cuisinier \u2013 PERSONNEL HORAIRE<\/option><option value=\"Entrep\u00f4t \u2013 PERSONNEL HORAIRE\" >Entrep\u00f4t \u2013 PERSONNEL HORAIRE<\/option><option value=\"Entretien m\u00e9nager \u2013 SALARI\u00c9\" >Entretien m\u00e9nager \u2013 SALARI\u00c9<\/option><option value=\"Gestion des installations (gestion des bons de commande) \u2013 SALARI\u00c9\" >Gestion des installations (gestion des bons de commande) \u2013 SALARI\u00c9<\/option><option value=\"Gestion du service alimentaire - SALARI\u00c9\" >Gestion du service alimentaire - SALARI\u00c9<\/option><option value=\"Gestion du service de traiteur \u2013 SALARI\u00c9\" >Gestion du service de traiteur \u2013 SALARI\u00c9<\/option><option value=\"Gestion du service \u00e0 la client\u00e8le\/de l\u2019exp\u00e9rience client \u2013 SALARI\u00c9\" >Gestion du service \u00e0 la client\u00e8le\/de l\u2019exp\u00e9rience client \u2013 SALARI\u00c9<\/option><option value=\"Gestion d\u2019h\u00f4tel\/de centre de conf\u00e9rence \u2013 SALARI\u00c9\" >Gestion d\u2019h\u00f4tel\/de centre de conf\u00e9rence \u2013 SALARI\u00c9<\/option><option value=\"Nutrition et bien-\u00eatre \u2013 SALARI\u00c9\" >Nutrition et bien-\u00eatre \u2013 SALARI\u00c9<\/option><option value=\"Plongeur\/arri\u00e8re-boutique - PERSONNEL HORAIRE\" >Plongeur\/arri\u00e8re-boutique - PERSONNEL HORAIRE<\/option><option value=\"Projets strat\u00e9giques \u2013 SALARI\u00c9\" >Projets strat\u00e9giques \u2013 SALARI\u00c9<\/option><option value=\"Pr\u00e9pos\u00e9 \u00e0 l\u2019entretien m\u00e9nager\/concierge -PERSONNEL HORAIRE\" >Pr\u00e9pos\u00e9 \u00e0 l\u2019entretien m\u00e9nager\/concierge -PERSONNEL HORAIRE<\/option><option value=\"Pr\u00e9pos\u00e9s et superviseurs du service alimentaire\" >Pr\u00e9pos\u00e9s et superviseurs du service alimentaire<\/option><option value=\"Ressources humaines \u2013 SALARI\u00c9\" >Ressources humaines \u2013 SALARI\u00c9<\/option><option value=\"Sant\u00e9 et s\u00e9curit\u00e9\u2013 SALARI\u00c9\" >Sant\u00e9 et s\u00e9curit\u00e9\u2013 SALARI\u00c9<\/option><option value=\"Service culinaire \u2013 PERSONNEL HORAIRE\" >Service culinaire \u2013 PERSONNEL HORAIRE<\/option><option value=\"Service traiteur et superviseurs de service traiteur \u2013 PERSONNEL HORAIRE\" >Service traiteur et superviseurs de service traiteur \u2013 PERSONNEL HORAIRE<\/option><option value=\"Service \u00e0 la client\u00e8le\/ventes \u2013 PERSONNEL HORAIRE\" >Service \u00e0 la client\u00e8le\/ventes \u2013 PERSONNEL HORAIRE<\/option><option value=\"Services de soutien et dirigeant de services de soutien \u2013 PERSONNEL HORAIRE\" >Services de soutien et dirigeant de services de soutien \u2013 PERSONNEL HORAIRE<\/option><option value=\"Soutien aux installations - PERSONNEL HORAIRE\" >Soutien aux installations - PERSONNEL HORAIRE<\/option><option value=\"Superviseur horaire \u2013 PERSONNEL HORAIRE\" >Superviseur horaire \u2013 PERSONNEL HORAIRE<\/option><option value=\"Superviseurs de quart \u2013 Salle \u00e0 manger \u2013 PERSONNEL HORAIRE\" >Superviseurs de quart \u2013 Salle \u00e0 manger \u2013 PERSONNEL HORAIRE<\/option><option value=\"S\u00e9curit\u00e9 et formation \u2013 SALARI\u00c9\" >S\u00e9curit\u00e9 et formation \u2013 SALARI\u00c9<\/option><option value=\"Ventes \u2013 SALARI\u00c9\" >Ventes \u2013 SALARI\u00c9<\/option><\/select><\/div><div class=\"search-control-container container-brand\"><div class=\"w-form-row-label\"><label for=\"cws_jobsearch_brand\">Marque<\/label><\/div><select name=\"brand\" id=\"cws_jobsearch_brand\" class=\"text_select \" data-param=\"facet\" data-facet=\"brand\"><option value=\"\">Marque<\/option><option value=\"Canteen\/Vending\" >Canteen\/Vending<\/option><option value=\"Chartwells\" >Chartwells<\/option><option value=\"Compass One\" >Compass One<\/option><option value=\"Corporate\" >Corporate<\/option><option value=\"ECC\" >ECC<\/option><option value=\"ESFM (Eurest Services)\" >ESFM (Eurest Services)<\/option><option value=\"ESS\" >ESS<\/option><option value=\"Eurest Corrections\" >Eurest Corrections<\/option><option value=\"Eurest Dining Group\" >Eurest Dining Group<\/option><option value=\"FoodBuy\" >FoodBuy<\/option><option value=\"Levy\" >Levy<\/option><option value=\"Marquise Hospitality\" >Marquise Hospitality<\/option><option value=\"Quebec Sector\" >Quebec Sector<\/option><option value=\"Restaurant Associates (EPC)\" >Restaurant Associates (EPC)<\/option><\/select><\/div><div class=\"search-control-container container-employment-type\"><div class=\"w-form-row-label\"><label for=\"cws_jobsearch_employment_type\">Employment Status<\/label><\/div><select name=\"employment_type\" id=\"cws_jobsearch_employment_type\" class=\"text_select \" data-param=\"facet\" data-facet=\"employment_type\"><option value=\"\">Employment Status<\/option><option value=\"Saisonnier\" >Saisonnier<\/option><option value=\"Sur appel (PRN, tarif journalier, occasionnel)\" >Sur appel (PRN, tarif journalier, occasionnel)<\/option><option value=\"Temporaire\" >Temporaire<\/option><option value=\"Temps partiel\" >Temps partiel<\/option><option value=\"Temps plein\" >Temps plein<\/option><option value=\"Temps plein et temps partiel\" >Temps plein et temps partiel<\/option><\/select><\/div><div class=\"w-form-row-label\"><label for=\"cws_jobsearch_location\">Emplacement<\/label><\/div><div class=\"location-wrapper location-wrapper \"><input type=\"text\"  class=\"text_input loc_auto\" name=\"location\" id=\"cws_jobsearch_location\"  placeholder=\"Emplacement\"  data-param=\"Location\" value=\"\" aria-describedby=\"cws_jobsearch_location-description\" \/><span id=\"cws_jobsearch_location-description\" style=\"display:none;\">Start typing a location to get suggestions, then press the down arrow to select one.<\/span><span id=\"cws_jobsearch_location_error\" style=\"display:none;\" class=\"location_error\">*Please select location from the dropdown<\/span><\/div><input type=\"hidden\" name=\"latitude\" id=\"cws_jobsearch_latitude\" data-param=\"latitude\" value=\"\" \/><input type=\"hidden\" name=\"longitude\" id=\"cws_jobsearch_longitude\" data-param=\"longitude\" value=\"\" \/><input type=\"hidden\" name=\"state\" id=\"cws_jobsearch_state\" data-param=\"facet\" data-facet=\"primary_state\" value=\"\" \/><input type=\"hidden\" name=\"country\" id=\"cws_jobsearch_country\" data-param=\"facet\" data-facet=\"primary_country\" value=\"\" \/><label for=\"cws_jobsearch__proximity\" class=\"radius-label location-radius-control\">jusqu'\u00e0<\/label><div class=\"w-form-row-field location-radius-control\"><select id=\"cws_jobsearch__proximity\" name=\"radius\" title=\"Radius\" data-param=\"LocationRadius\"><option value=\"1\" >1 Mile<\/option><option value=\"5\" >5 Miles<\/option><option value=\"10\" >10 Miles<\/option><option value=\"15\" >15 Miles<\/option><option value=\"20\" >20 Miles<\/option><option value=\"25\" selected>25 Miles<\/option><option value=\"50\" >50 Miles<\/option><option value=\"100\" >100 Miles<\/option><option value=\"200\" >200 Miles<\/option><\/select><\/div><hr \/>Posted By<div id=\"date-container\"><div id=\"date-slider\"><\/div><\/div><div id=\"date-labels\" class=\"clearfix\"><div id=\"slide1\" style=\"left:0;\">Aujourd'hui<\/div><div id=\"slide2\" style=\"left:33%\">7 jours<\/div><div id=\"slide3\" style=\"left:66%\">30 jours<\/div><div id=\"slide4\" style=\"left:100%\">&infin;<\/div><\/div><input type=\"hidden\" name=\"pg\" data-param=\"offset\" id=\"cws-search-page\" value=\"\" \/><input type=\"hidden\" name=\"sort\" data-param=\"sortfield\" id=\"cws-search-sortfield\" value=\"\" \/><input type=\"hidden\" name=\"dir\" data-param=\"sortorder\" id=\"cws-search-direction\" value=\"\" \/><div class=\"search-submit-btn\"><a href=\"#\" role=\"button\" id=\"cws-adv-search-btn\" class=\"avia-button avia-color-theme-color avia-size-medium\">Recherche<\/a><\/div><\/div>\n<script type=\"text\/javascript\">jQuery(document).ready(function(){jQuery( \"#date-slider\" ).slider({\n              min: 1,\n              max: 4,\n              value: 4,\n              step: 1,\n              range: \"min\",\n              change: CWS.jobs.gather\n            });if(CWS && CWS.jobs){\n                CWS.jobs.set_api(\"https:\/\/jobsapi-internal.m-cloud.io\/api\/\");\n                CWS.jobs.set_options({\n                    org_id: \"2052\",\n                    jobdetail_path: \"\/fr\/job-fr\",\n                    search_on_pause: false,\n                    search_on_blur: false,\n                    use_boolean_search: false,\n                    disable_fuzzy: false,\n                    node: \"\",\n                    boost: \"\",\n                    dynamic_criteria: false,\n                    inc_facetcount: false,\n                    filters: [\"ats_portalid:SuccesFactors-French~PositionManager_cafr~SmartRecruiter_CA\",\"language:fr-CA\"]\n                });\n                \n            }\n            else{\n                CWS.log(\"cws.jobs.js not loaded.\");\n            }\n    \t});\n        <\/script><style id=\"search-form-styles\">#top .date-radio-input:checked::before{ background-color: #db1f25 }<\/style><\/div><div id=\"text-2\" class=\"widget clearfix widget_text\">\t\t\t<div class=\"textwidget\"><div class=\"info-msg\"><img decoding=\"async\" src=\"https:\/\/cdn-static.findly.com\/wp-content\/uploads\/sites\/558\/2018\/06\/warning.png\">Clicking search without inputting text for keywords or location will provide all open jobs available at Compass Group<\/div>\n<\/div>\n\t\t<\/div><a href=\"\/fr\/\/\" class=\"jobcart-counter\" data-hide=\"on\" style=\"display:none;\">Job Cart (<span class=\"jobcart-count\">0<\/span>)<\/a><\/div><\/div><div class=\"flex_column av_three_fourth  flex_column_div   \" ><div class='avia-builder-widget-area clearfix '><div id=\"widget_job_map-3\" class=\"widget clearfix widget-job-map\"><div id=\"job-map\"><\/div>\n\t\t<script type=\"text\/javascript\">\n\t\t\tjQuery(document).ready(function () {\n\t\t\t\tif (typeof CWS !== 'undefined' && CWS.map) {\n\t\t\t\t\tCWS.map.set_options({\"org_id\":\"2052\",\"api_url\":\"https:\\\/\\\/jobsapi-internal.m-cloud.io\\\/api\\\/map\",\"jobdetail_path\":\"\\\/fr\\\/job-fr\",\"marker_cluster\":true,\"cluster_radius\":40,\"tilemap\":\"google\",\"starting_coords\":[49.76773,-96.8097],\"starting_zoom\":4,\"max_zoom\":12,\"include_geolocation\":true,\"include_directions\":true,\"high_volume\":true});\n\t\t\t\t\tCWS.map.set_filters([\"ats_portalid:SuccesFactors-French~PositionManager_cafr~SmartRecruiter_CA\",\"language:fr-CA\"]);\n\t\t\t\t\tCWS.map.init();\n\t\t\t\t}\n\t\t\t});\n\t\t<\/script>\n\t\t\n\t\t<script type=\"text\/javascript\">\n\t\t\tjQuery(document).ready(function(){\n\t\t\t\tif (CWS && CWS.jobs) {\n\t\t\t\t\tCWS.jobs.set_options({\n\t\t\t\t\t\tfilter_od: ''\t\n\t\t\t\t\t});\n\t\t\t\t}\n\t\t\t});\t\n\t\t<\/script>\n\n\t\t<\/div><div id=\"widget_job_search_results_table_tiles-2\" class=\"widget clearfix widget-jobsearch-results table_tile original list\"><div class=\"clearfix\">\n\t<h2 class=\"search-results-title\" tabindex=\"0\">R\u00e9sultats de la recherche<\/h2>\t\t<div id=\"live-results\" tabindex=\"-1\" aria-live=\"polite\"><span\n\t\t\t\tid=\"live-results-counter\">0<\/span> R\u00e9sultats<\/div>\n<\/div>\n\n<ul id=\"search-filters\"><\/ul>\n<div id=\"result-modifications\">\n        <div class=\"views\">\n        <fieldset>\n        <legend class=\"result-view-legend\">View By<\/legend>\n\t            <div class=\"btn-group clearfix\">\n            <a href=\"#\" role=\"button\" id=\"result-view-list\" class=\"btn-default active\" aria-current=\"true\"><span class=\"view-icon list-icon\"><\/span>List<\/a>\n            <a href=\"#\" role=\"button\" id=\"result-view-grid\" class=\"btn-default \" aria-current=\"false\"><span class=\"view-icon grid-icon\"><\/span>Grid<\/a>\n        <\/div>\n                <\/fieldset>\n    <\/div>\n                <div class=\"pages\">\n                <label for=\"result-pages\">Jobs per page<\/label>\n                <select id=\"result-pages\">\n                    <option value=\"12\" selected>12<\/option>\n                    <option value=\"24\">24<\/option>\n                    <option value=\"48\">48<\/option>\n                    <option value=\"96\">96<\/option>\n                <\/select>\n            <\/div>\n            <\/div>\n\n<div id=\"loader\"><\/div>\n\n<div class=\"search-results-table\" role=\"table\" aria-label=\"Job Search Results\" aria-colcount=\"3\" aria-rowcount=\"-1\">\n    <div role=\"rowgroup\">\n        <div role=\"row\" class=\"search-columns entry-content-wrapper clearfix flex_column\">\n            <div id=\"colhead-title_category\" role=\"columnheader\" class=\"flex_column av_one_half first\" data-param=\"title\"><span role=\"button\" tabindex=\"0\">Job Title<span class=\"col-controls\"><span class=\" av-icon-char col-control ascending\" aria-hidden=\"true\" data-av_icon=\"\ue873\" data-av_iconfont=\"entypo-fontello\" ><\/span><span class=\" av-icon-char col-control descending\" aria-hidden=\"true\" data-av_icon=\"\ue876\" data-av_iconfont=\"entypo-fontello\" ><\/span><\/span><\/span><\/div><div id=\"colhead-city_state\" role=\"columnheader\" class=\"flex_column av_one_fourth\" data-param=\"primary_city\"><span role=\"button\" tabindex=\"0\">Emplacement<span class=\"col-controls\"><span class=\" av-icon-char col-control ascending\" aria-hidden=\"true\" data-av_icon=\"\ue873\" data-av_iconfont=\"entypo-fontello\" ><\/span><span class=\" av-icon-char col-control descending\" aria-hidden=\"true\" data-av_icon=\"\ue876\" data-av_iconfont=\"entypo-fontello\" ><\/span><\/span><\/span><\/div><div id=\"colhead-open_date\" role=\"columnheader\" class=\"flex_column av_one_fourth\" data-param=\"open_date\"><span role=\"button\" tabindex=\"0\">Posted<span class=\"col-controls\"><span class=\" av-icon-char col-control ascending\" aria-hidden=\"true\" data-av_icon=\"\ue873\" data-av_iconfont=\"entypo-fontello\" ><\/span><span class=\" av-icon-char col-control descending\" aria-hidden=\"true\" data-av_icon=\"\ue876\" data-av_iconfont=\"entypo-fontello\" ><\/span><\/span><\/span><\/div>        <\/div>\n    <\/div>\n    <div class=\"entry-content-wrapper clearfix\" role=\"rowgroup\">\n        <div id=\"widget-jobsearch-results-list\" role=\"presentation\"><\/div>\n    <\/div>\n<\/div>\n<nav id=\"widget-jobsearch-results-pages\" aria-label=\"Pagination\"><\/nav>\n<script>\njQuery(document).ready(function(){    \n\tif (CWS && CWS.jobs) {\n\t\t\/\/ The search form might have taken care of this, but this can also go on the locations page, so just in case...\n\t\twidget_jobsearch_full_horizontal = jQuery('.widget-jobsearch-full-horizontal').length > 0 ? 'widget-jobsearch-full-horizontal' : 'widget-jobsearch-full';\n\t\tif (jQuery && jQuery('.'+widget_jobsearch_full_horizontal).length == 0) {\n\t\t\tCWS.jobs.set_api(\" https:\/\/jobsapi-internal.m-cloud.io\/api\/\");\n\t\t\tCWS.jobs.set_options({\n\t\t\t\torg_id: \"2052\",\n\t\t\t\tjobdetail_path: \"\/fr\/job-fr\",\n                job_custom_css: \"title\",\n\t\t\t\tlocations_page_search_by: \"radius\",\n\t\t\t\tlocations_page_radius: \"50\",\n\t\t\t\tresults_none: \"Aucuns emplois ne correspondent \u00e0 vos crit\u00e8res de recherche.\",\n                tag_criteria: false,\n                view_by_layout: \"original\",\n                mapPosition: \"right\",\n                job_apply_button_text: \"Apply Here\",\n                job_apply_link: \"seo_url\",\n                limit: 10,\n                hide_pagination_job_list: false,\n\n\t\t\t});\n\t\t\tCWS.jobs.set_columns(\"title_category,city_state,open_date\", \"av_one_half,av_one_fourth,av_one_fourth\", \"Job Title,Location,Posted\");\n\t\t}\n\t\telse {\n\t\t\tCWS.jobs.set_options({\n\t\t\t\tresults_none: \"Aucuns emplois ne correspondent \u00e0 vos crit\u00e8res de recherche.\",\n\t\t\t\tsortfield: \"open_date\",\n\t\t\t\tsortorder: \"descending\",\n\t\t\t\tjob_custom_css: \"title\",\n                tag_criteria: false,\n                view_by_layout: \"original\",\n                mapPosition : \"right\",\n                job_apply_button_text: \"Apply Here\",\n                job_apply_link: \"seo_url\",\n                limit: 10,\n                hide_pagination_job_list: false\t\t\t});\n\t\t}\n\t\tCWS.jobs.sortby(\"open_date\", \"descending\");\n\t\tCWS.jobs.set_columns(\"title_category,city_state,open_date\", \"av_one_half,av_one_fourth,av_one_fourth\", \"Job Title,Location,Posted\");\n\n\t}\n\telse {\n\t\tCWS.log(\"cws.jobs.js not loaded.\");\n\t}\n});\n<\/script>\n\t\t<script type=\"text\/javascript\">\n\t\t\tjQuery(document).ready(function(){\t\n\t\t\t\tif (CWS && CWS.jobs) {\n\t\t\t\t\tCWS.jobs.set_options({\n\t\t\t\t\t\tfilter_od: ''\t\n\t\t\t\t\t});\n\t\t\t\t}\n\t\t\t});\t\n\t\t<\/script>\n\n\t\t<\/div><\/div><\/div>\n\n","protected":false},"excerpt":{"rendered":"","protected":false},"author":102,"featured_media":0,"parent":0,"menu_order":0,"comment_status":"closed","ping_status":"closed","template":"","meta":{"footnotes":""},"persona":[],"class_list":["post-977","page","type-page","status-publish","hentry"],"yoast_head":"<!-- This site is optimized with the Yoast SEO Premium plugin v23.0 (Yoast SEO v23.0) - https:\/\/yoast.com\/wordpress\/plugins\/seo\/ -->\n<title>R\u00e9sultats de votre recherche d\u2019emploi - le Groupe Compass Canada<\/title>\n<meta name=\"robots\" content=\"noindex, follow, max-snippet:-1, max-image-preview:large, max-video-preview:-1\" \/>\n<meta property=\"og:locale\" content=\"fr_FR\" \/>\n<meta property=\"og:type\" content=\"article\" \/>\n<meta property=\"og:title\" content=\"Job Search Results\" \/>\n<meta property=\"og:url\" content=\"https:\/\/compass-canada.xcc.smashfly.io\/fr\/job-search-results\/\" \/>\n<meta property=\"og:site_name\" content=\"Compass Group Canada\" \/>\n<meta property=\"article:modified_time\" content=\"2018-06-01T09:12:46+00:00\" \/>\n<meta name=\"twitter:label1\" content=\"Dur\u00e9e de lecture estim\u00e9e\" \/>\n\t<meta name=\"twitter:data1\" content=\"1 minute\" \/>\n<script type=\"application\/ld+json\" class=\"yoast-schema-graph\">{\"@context\":\"https:\/\/schema.org\",\"@graph\":[{\"@type\":\"WebPage\",\"@id\":\"https:\/\/compass-canada.xcc.smashfly.io\/fr\/job-search-results\/\",\"url\":\"https:\/\/compass-canada.xcc.smashfly.io\/fr\/job-search-results\/\",\"name\":\"R\u00e9sultats de votre recherche d\u2019emploi - le Groupe Compass Canada\",\"isPartOf\":{\"@id\":\"https:\/\/compass-canada.xcc.smashfly.io\/#website\"},\"datePublished\":\"2018-01-29T15:37:33+00:00\",\"dateModified\":\"2018-06-01T09:12:46+00:00\",\"breadcrumb\":{\"@id\":\"https:\/\/compass-canada.xcc.smashfly.io\/fr\/job-search-results\/#breadcrumb\"},\"inLanguage\":\"fr-FR\",\"potentialAction\":[{\"@type\":\"ReadAction\",\"target\":[\"https:\/\/compass-canada.xcc.smashfly.io\/fr\/job-search-results\/\"]}]},{\"@type\":\"BreadcrumbList\",\"@id\":\"https:\/\/compass-canada.xcc.smashfly.io\/fr\/job-search-results\/#breadcrumb\",\"itemListElement\":[{\"@type\":\"ListItem\",\"position\":1,\"name\":\"Home\",\"item\":\"https:\/\/compass-canada.xcc.smashfly.io\/fr\/\"},{\"@type\":\"ListItem\",\"position\":2,\"name\":\"Job Search Results\"}]},{\"@type\":\"WebSite\",\"@id\":\"https:\/\/compass-canada.xcc.smashfly.io\/#website\",\"url\":\"https:\/\/compass-canada.xcc.smashfly.io\/\",\"name\":\"Compass Group Canada\",\"description\":\"Just another Findly Sites site\",\"potentialAction\":[{\"@type\":\"SearchAction\",\"target\":{\"@type\":\"EntryPoint\",\"urlTemplate\":\"https:\/\/compass-canada.xcc.smashfly.io\/?s={search_term_string}\"},\"query-input\":\"required name=search_term_string\"}],\"inLanguage\":\"fr-FR\"}]}<\/script>\n<!-- \/ Yoast SEO Premium plugin. -->","yoast_head_json":{"title":"R\u00e9sultats de votre recherche d\u2019emploi - le Groupe Compass Canada","robots":{"index":"noindex","follow":"follow","max-snippet":"max-snippet:-1","max-image-preview":"max-image-preview:large","max-video-preview":"max-video-preview:-1"},"og_locale":"fr_FR","og_type":"article","og_title":"Job Search Results","og_url":"https:\/\/compass-canada.xcc.smashfly.io\/fr\/job-search-results\/","og_site_name":"Compass Group Canada","article_modified_time":"2018-06-01T09:12:46+00:00","twitter_misc":{"Dur\u00e9e de lecture estim\u00e9e":"1 minute"},"schema":{"@context":"https:\/\/schema.org","@graph":[{"@type":"WebPage","@id":"https:\/\/compass-canada.xcc.smashfly.io\/fr\/job-search-results\/","url":"https:\/\/compass-canada.xcc.smashfly.io\/fr\/job-search-results\/","name":"R\u00e9sultats de votre recherche d\u2019emploi - le Groupe Compass Canada","isPartOf":{"@id":"https:\/\/compass-canada.xcc.smashfly.io\/#website"},"datePublished":"2018-01-29T15:37:33+00:00","dateModified":"2018-06-01T09:12:46+00:00","breadcrumb":{"@id":"https:\/\/compass-canada.xcc.smashfly.io\/fr\/job-search-results\/#breadcrumb"},"inLanguage":"fr-FR","potentialAction":[{"@type":"ReadAction","target":["https:\/\/compass-canada.xcc.smashfly.io\/fr\/job-search-results\/"]}]},{"@type":"BreadcrumbList","@id":"https:\/\/compass-canada.xcc.smashfly.io\/fr\/job-search-results\/#breadcrumb","itemListElement":[{"@type":"ListItem","position":1,"name":"Home","item":"https:\/\/compass-canada.xcc.smashfly.io\/fr\/"},{"@type":"ListItem","position":2,"name":"Job Search Results"}]},{"@type":"WebSite","@id":"https:\/\/compass-canada.xcc.smashfly.io\/#website","url":"https:\/\/compass-canada.xcc.smashfly.io\/","name":"Compass Group Canada","description":"Just another Findly Sites site","potentialAction":[{"@type":"SearchAction","target":{"@type":"EntryPoint","urlTemplate":"https:\/\/compass-canada.xcc.smashfly.io\/?s={search_term_string}"},"query-input":"required name=search_term_string"}],"inLanguage":"fr-FR"}]}},"_links":{"self":[{"href":"https:\/\/compass-canada-v3.site.findly.com\/fr\/wp-json\/wp\/v2\/pages\/977","targetHints":{"allow":["GET"]}}],"collection":[{"href":"https:\/\/compass-canada-v3.site.findly.com\/fr\/wp-json\/wp\/v2\/pages"}],"about":[{"href":"https:\/\/compass-canada-v3.site.findly.com\/fr\/wp-json\/wp\/v2\/types\/page"}],"author":[{"embeddable":true,"href":"https:\/\/compass-canada-v3.site.findly.com\/fr\/wp-json\/wp\/v2\/users\/102"}],"replies":[{"embeddable":true,"href":"https:\/\/compass-canada-v3.site.findly.com\/fr\/wp-json\/wp\/v2\/comments?post=977"}],"version-history":[{"count":1,"href":"https:\/\/compass-canada-v3.site.findly.com\/fr\/wp-json\/wp\/v2\/pages\/977\/revisions"}],"predecessor-version":[{"id":1955,"href":"https:\/\/compass-canada-v3.site.findly.com\/fr\/wp-json\/wp\/v2\/pages\/977\/revisions\/1955"}],"wp:attachment":[{"href":"https:\/\/compass-canada-v3.site.findly.com\/fr\/wp-json\/wp\/v2\/media?parent=977"}],"wp:term":[{"taxonomy":"persona","embeddable":true,"href":"https:\/\/compass-canada-v3.site.findly.com\/fr\/wp-json\/wp\/v2\/persona?post=977"}],"curies":[{"name":"wp","href":"https:\/\/api.w.org\/{rel}","templated":true}]}}